{"id":369,"date":"2017-06-01T17:01:21","date_gmt":"2017-06-01T17:01:21","guid":{"rendered":"http:\/\/www.rod-rakowiec.pl\/?page_id=369"},"modified":"2017-06-01T17:01:21","modified_gmt":"2017-06-01T17:01:21","slug":"lato-seniora","status":"publish","type":"page","link":"http:\/\/www.rod-rakowiec.pl\/?page_id=369","title":{"rendered":"Lato seniora"},"content":{"rendered":"<p>W okresie letnim na terenie Ogrodu, jak zwykle zreszt\u0105, sporo si\u0119 dzieje.<\/p>\n<p><strong><a href=\"http:\/\/www.rod-rakowiec.pl\/wp-content\/uploads\/2017\/06\/Obraz22.jpg\"><img loading=\"lazy\" decoding=\"async\" class=\"size-medium wp-image-340 alignleft\" src=\"http:\/\/www.rod-rakowiec.pl\/wp-content\/uploads\/2017\/06\/Obraz22-300x226.jpg\" alt=\"\" width=\"300\" height=\"226\" srcset=\"http:\/\/www.rod-rakowiec.pl\/wp-content\/uploads\/2017\/06\/Obraz22-300x226.jpg 300w, http:\/\/www.rod-rakowiec.pl\/wp-content\/uploads\/2017\/06\/Obraz22-768x578.jpg 768w, http:\/\/www.rod-rakowiec.pl\/wp-content\/uploads\/2017\/06\/Obraz22-1024x771.jpg 1024w, http:\/\/www.rod-rakowiec.pl\/wp-content\/uploads\/2017\/06\/Obraz22.jpg 1540w\" sizes=\"auto, (max-width: 300px) 100vw, 300px\" \/><\/a>Polski Komitet Pomocy Spo\u0142ecznej Oddzia\u0142 Ochota organizuje\u00a0 co roku Lato Seniora<\/strong> na terenie naszego Ogrodu. Wczasy\/Lato Seniora odbywaj\u0105 si\u0119 pomi\u0119dzy lipcem a sierpniem.\u00a0 \u015arednio odpoczywa oko\u0142o 150 os\u00f3b.<\/p>\n","protected":false},"excerpt":{"rendered":"<p>W okresie letnim na terenie Ogrodu, jak zwykle zreszt\u0105, sporo si\u0119 dzieje. Polski Komitet Pomocy Spo\u0142ecznej Oddzia\u0142 Ochota organizuje\u00a0 co roku Lato Seniora na terenie naszego Ogrodu. Wczasy\/Lato Seniora odbywaj\u0105 si\u0119 pomi\u0119dzy lipcem a sierpniem.\u00a0 \u015arednio odpoczywa oko\u0142o 150 os\u00f3b.<\/p>\n","protected":false},"author":1,"featured_media":0,"parent":26,"menu_order":0,"comment_status":"closed","ping_status":"closed","template":"","meta":{"footnotes":""},"class_list":["post-369","page","type-page","status-publish","hentry"],"_links":{"self":[{"href":"http:\/\/www.rod-rakowiec.pl\/index.php?rest_route=\/wp\/v2\/pages\/369","targetHints":{"allow":["GET"]}}],"collection":[{"href":"http:\/\/www.rod-rakowiec.pl\/index.php?rest_route=\/wp\/v2\/pages"}],"about":[{"href":"http:\/\/www.rod-rakowiec.pl\/index.php?rest_route=\/wp\/v2\/types\/page"}],"author":[{"embeddable":true,"href":"http:\/\/www.rod-rakowiec.pl\/index.php?rest_route=\/wp\/v2\/users\/1"}],"replies":[{"embeddable":true,"href":"http:\/\/www.rod-rakowiec.pl\/index.php?rest_route=%2Fwp%2Fv2%2Fcomments&post=369"}],"version-history":[{"count":1,"href":"http:\/\/www.rod-rakowiec.pl\/index.php?rest_route=\/wp\/v2\/pages\/369\/revisions"}],"predecessor-version":[{"id":370,"href":"http:\/\/www.rod-rakowiec.pl\/index.php?rest_route=\/wp\/v2\/pages\/369\/revisions\/370"}],"up":[{"embeddable":true,"href":"http:\/\/www.rod-rakowiec.pl\/index.php?rest_route=\/wp\/v2\/pages\/26"}],"wp:attachment":[{"href":"http:\/\/www.rod-rakowiec.pl\/index.php?rest_route=%2Fwp%2Fv2%2Fmedia&parent=369"}],"curies":[{"name":"wp","href":"https:\/\/api.w.org\/{rel}","templated":true}]}}