{"id":28,"date":"2016-12-27T18:19:00","date_gmt":"2016-12-27T18:19:00","guid":{"rendered":"http:\/\/www.rod-rakowiec.pl\/?page_id=28"},"modified":"2025-09-17T11:19:51","modified_gmt":"2025-09-17T11:19:51","slug":"kontakt","status":"publish","type":"page","link":"http:\/\/www.rod-rakowiec.pl\/?page_id=28","title":{"rendered":"Kontakt"},"content":{"rendered":"\n<p>Rodzinny Ogr\u00f3d Dzia\u0142kowy RAKOWIEC<\/p>\n\n\n\n<p>Informujemy, i\u017c konto ROD \u201eRakowiec\u201d zosta\u0142o przeniesione do banku<br \/>PKO BP.<br \/><\/p>\n\n\n\n<p>Aktualny numer konta:<\/p>\n\n\n\n<p><br \/><strong>69 1020 4900 0000 8202 3736 9566<\/strong><\/p>\n\n\n\n<h2 class=\"wp-block-heading\"><strong>Adres:<\/strong><\/h2>\n\n\n\n<p>Al. \u017bwirki i Wigury 26<\/p>\n\n\n\n<p>02-092 Warszawa<\/p>\n\n\n\n<p>NIP: 526 23 82 896<\/p>\n\n\n\n<h2 class=\"wp-block-heading\"><strong>E-<\/strong><strong>mail:<\/strong><\/h2>\n\n\n\n<p><strong>Zarz\u0105d:&nbsp;<\/strong><a href=\"mailto:rodrakowiec@interia.pl\"><\/a><a href=\"mailto:rodrakowiecwarszawa@gmail.com\" target=\"_blank\" rel=\"noreferrer noopener\">rodrakowiecwarszawa@gmail.com<\/a><\/p>\n\n\n\n<p><strong>W sprawie op\u0142at<\/strong>: oplaty.rodrakowiecwarszawa@gmail.com<\/p>\n\n\n\n<h2 class=\"wp-block-heading\"><strong>Telefony:<\/strong><\/h2>\n\n\n\n<p><strong>Biuro&nbsp;<\/strong>(tel. +48 22&nbsp;849&nbsp;02 83)<\/p>\n\n\n\n<p><strong>Gospodarz ogrodu<\/strong>&nbsp;(tel. +48&nbsp;503&nbsp;593&nbsp;565)<\/p>\n\n\n\n<p><strong>Ochrona ogrodu&nbsp;<\/strong>(tel. + 48&nbsp;606&nbsp;949&nbsp;880)<\/p>\n\n\n\n<h2 class=\"wp-block-heading\"><strong>Dy\u017cury Zarz\u0105du i kasy:&nbsp;<\/strong><\/h2>\n\n\n\n<p><strong>\u2013&nbsp;<\/strong>&nbsp;niedziela (godz. 11-14)<\/p>\n\n\n\n<p>\u2013 czwartek dy\u017cur telefoniczny kasy (godz. 11-14)<\/p>\n","protected":false},"excerpt":{"rendered":"<p>Rodzinny Ogr\u00f3d Dzia\u0142kowy RAKOWIEC Informujemy, i\u017c konto ROD \u201eRakowiec\u201d zosta\u0142o przeniesione do bankuPKO BP. Aktualny numer konta: 69 1020 4900 0000 8202 3736 9566 Adres: Al. \u017bwirki i Wigury 26 02-092 Warszawa NIP: 526 23 82 896 E-mail: Zarz\u0105d:&nbsp;rodrakowiecwarszawa@gmail.com W sprawie op\u0142at: oplaty.rodrakowiecwarszawa@gmail.com Telefony: Biuro&nbsp;(tel. +48 22&nbsp;849&nbsp;02 83) Gospodarz ogrodu&nbsp;(tel. +48&nbsp;503&nbsp;593&nbsp;565) Ochrona ogrodu&nbsp;(tel. + 48&nbsp;606&nbsp;949&nbsp;880) &hellip; <\/p>\n<p class=\"link-more\"><a href=\"http:\/\/www.rod-rakowiec.pl\/?page_id=28\" class=\"more-link\">Czytaj dalej<span class=\"screen-reader-text\"> \u201eKontakt\u201d<\/span><\/a><\/p>\n","protected":false},"author":1,"featured_media":0,"parent":0,"menu_order":0,"comment_status":"closed","ping_status":"closed","template":"","meta":{"footnotes":""},"class_list":["post-28","page","type-page","status-publish","hentry"],"_links":{"self":[{"href":"http:\/\/www.rod-rakowiec.pl\/index.php?rest_route=\/wp\/v2\/pages\/28","targetHints":{"allow":["GET"]}}],"collection":[{"href":"http:\/\/www.rod-rakowiec.pl\/index.php?rest_route=\/wp\/v2\/pages"}],"about":[{"href":"http:\/\/www.rod-rakowiec.pl\/index.php?rest_route=\/wp\/v2\/types\/page"}],"author":[{"embeddable":true,"href":"http:\/\/www.rod-rakowiec.pl\/index.php?rest_route=\/wp\/v2\/users\/1"}],"replies":[{"embeddable":true,"href":"http:\/\/www.rod-rakowiec.pl\/index.php?rest_route=%2Fwp%2Fv2%2Fcomments&post=28"}],"version-history":[{"count":22,"href":"http:\/\/www.rod-rakowiec.pl\/index.php?rest_route=\/wp\/v2\/pages\/28\/revisions"}],"predecessor-version":[{"id":1590,"href":"http:\/\/www.rod-rakowiec.pl\/index.php?rest_route=\/wp\/v2\/pages\/28\/revisions\/1590"}],"wp:attachment":[{"href":"http:\/\/www.rod-rakowiec.pl\/index.php?rest_route=%2Fwp%2Fv2%2Fmedia&parent=28"}],"curies":[{"name":"wp","href":"https:\/\/api.w.org\/{rel}","templated":true}]}}