{"id":14,"date":"2016-12-27T18:14:36","date_gmt":"2016-12-27T18:14:36","guid":{"rendered":"http:\/\/www.rod-rakowiec.pl\/?page_id=14"},"modified":"2025-05-30T08:21:32","modified_gmt":"2025-05-30T08:21:32","slug":"zarzad-i-wspolpracownicy","status":"publish","type":"page","link":"http:\/\/www.rod-rakowiec.pl\/?page_id=14","title":{"rendered":"Vademecum"},"content":{"rendered":"\n<p><strong>Przydatne numery telefon\u00f3w i adresy:<\/strong><\/p>\n\n\n\n<p>Zarz\u0105d \u2013 tel. 22 849-02-83, czynny w niedziele w czasie dy\u017curu Zarz\u0105du w godz. 11\u201314<\/p>\n\n\n\n<p>Kasjerka Pani Ania \u2013 kasa czynna w niedziele w godz. 11\u201314,&nbsp; tel. 22 849-02-83 czynny w czasie otwarcia kasy oraz we czwartki w godz. 11\u201314<\/p>\n\n\n\n<p>Gospodarz Ogrodu Pan Krzysztof \u2013 tel. 503-593-565 czynny od poniedzia\u0142ku do pi\u0105tku<\/p>\n\n\n\n<p>Ochrona \u2013 tel. 606-949-880 czynny codziennie przez ca\u0142\u0105 dob\u0119<\/p>\n\n\n\n<p>Elektryk Pan Jerzy \u2013 tel. 501-400-062<\/p>\n\n\n\n<p>Adres e-mail ROD \u201eRakowiec\u201d: <a href=\"mailto:rodrakowiecwarszawa@gmail.com\">rodrakowiecwarszawa@gmail.com<\/a><\/p>\n\n\n\n<p>Strona internetowa ROD \u201eRakowiec\u201d: <a href=\"http:\/\/www.rod-rakowiec.pl\">www.rod-rakowiec.pl<\/a><\/p>\n\n\n\n<p>Strona internetowa Polskiego Zwi\u0105zku Dzia\u0142kowc\u00f3w: <a href=\"http:\/\/www.pzd.pl\">www.pzd.pl<\/a><\/p>\n\n\n\n<p>Regulaminie Rodzinnego Ogrodu Dzia\u0142kowego dost\u0119pny na stronie www ROD \u201eRakowiec\u201d lub w Zarz\u0105dzie<\/p>\n\n\n\n<p>OP\u0141ATY OGRODOWE<\/p>\n\n\n\n<p>Wysoko\u015b\u0107 stawek jest uchwalana do <strong>30 kwietnia<\/strong> danego roku na Walnym Zebraniu\/Konferencji Delegat\u00f3w. Informacja o aktualnych stawkach jest dost\u0119pna na stronie www Ogrodu oraz na tablicach informacyjnych na terenie Ogrodu.<\/p>\n\n\n\n<p>Wszystkie op\u0142aty nale\u017cy uiszcza\u0107 bezpo\u015brednio w kasie lub przelewem na konto (nr konta dost\u0119pny na stronie www ROD \u201eRakowiec\u201d)<\/p>\n\n\n\n<p>Do <strong>31 maja<\/strong> ka\u017cdy dzia\u0142kowiec zobowi\u0105zany jest do uiszczenia rocznej op\u0142aty:<\/p>\n\n\n\n<p>\u2013 za u\u017cytkowanie dzia\u0142ki<\/p>\n\n\n\n<p>\u2013 sk\u0142adki cz\u0142onkowskiej<\/p>\n\n\n\n<p>\u2013 op\u0142aty wodna<\/p>\n\n\n\n<p>\u2013 op\u0142aty energetycznej<\/p>\n\n\n\n<p>\u2013 op\u0142aty \u015bmieciowej<\/p>\n\n\n\n<p>Do <strong>31 pa\u017adziernika<\/strong> nale\u017cy op\u0142aci\u0107 zu\u017cycie energii elektrycznej i wody.<\/p>\n\n\n\n<ul class=\"wp-block-list\">\n<li>Aby uzyska\u0107 informacj\u0119 o wysoko\u015bci nale\u017cnej op\u0142aty za zu\u017cyt\u0105 energi\u0119 elektryczn\u0105 nale\u017cy stan licznika energii elektrycznej zg\u0142osi\u0107 w kasie osobi\u015bcie lub telefonicznie b\u0105d\u017a wys\u0142a\u0107 go mailowo na adres rodrakowiec@interia.pl.<\/li>\n\n\n\n<li>Liczniki wodne s\u0105 spisywane przez pana Krzysztofa \u2013 informacj\u0119 o koszcie zu\u017cycia wody mo\u017cna uzyska\u0107 w kasie osobi\u015bcie lub telefonicznie b\u0105d\u017a w Zarz\u0105dzie podczas dy\u017curu.<\/li>\n<\/ul>\n\n\n\n<p>Op\u0142at\u0119 za ochron\u0119 mo\u017cna op\u0142aci\u0107 jednorazowo (do <strong>30 kwietnia<\/strong>) lub kwartalnie:<\/p>\n\n\n\n<p>\u2013 za I kwarta\u0142 do 30 kwietnia<\/p>\n\n\n\n<p>\u2013 za II kwarta\u0142 do 15 maja<\/p>\n\n\n\n<p>\u2013 za III kwarta\u0142 do 15 sierpnia<\/p>\n\n\n\n<p>\u2013 za IV kwarta\u0142 do 15 listopada<\/p>\n\n\n\n<p>Informujemy, \u017ce nieterminowe wnoszenie op\u0142at wi\u0105\u017ce si\u0119 z naliczeniem ustawowych odsetek karnych za zw\u0142ok\u0119 (\u00a7 9 ust. 2 Regulaminu ROD).<\/p>\n\n\n\n<p>Informacje dotycz\u0105ce op\u0142at oraz wysoko\u015bci nale\u017cnych odsetek mo\u017cna uzyska\u0107 w kasie osobi\u015bcie lub telefonicznie oraz w Zarz\u0105dzie podczas dy\u017curu.<\/p>\n\n\n\n<p>Brak uregulowania op\u0142aty za zu\u017cyt\u0105 energi\u0119 elektryczn\u0105 skutkuje jej odci\u0119ciem (koszt 250 z\u0142*). Ponowne pod\u0142\u0105czenie do sieci energetycznej Ogrodu wynosi 250 z\u0142*.<\/p>\n\n\n\n<p>ZAGOSPODAROWANIE DZIA\u0141KI<\/p>\n\n\n\n<p>Wszystkie informacje odno\u015bnie sposobu zagospodarowywania dzia\u0142ki znajd\u0105 Pa\u0144stwo w Regulaminie ROD.<\/p>\n\n\n\n<p>Jako nowi u\u017cytkownicy dzia\u0142ki zapewne b\u0119d\u0105 Pa\u0144stwo prowadzi\u0107 prace reorganizacyjne na Waszej dzia\u0142ce, np. budowa nowej altanki dzia\u0142kowej. Tak\u0105 budow\u0119 trzeba zg\u0142osi\u0107 do Zarz\u0105du w formie pisemnej \u2013 powinna ona zawiera\u0107 powierzchni\u0119 domku oraz plan jego po\u0142o\u017cenia na dzia\u0142ce wraz z odleg\u0142o\u015bciami od ogrodzenia. Dok\u0142adne wytyczne odno\u015bnie budowy altanki znajduj\u0105 si\u0119 w Regulaminie ROD w \u00a7 44 (odleg\u0142o\u015b\u0107 altany dzia\u0142kowej od granic dzia\u0142ki nie mo\u017ce by\u0107 mniejsza ni\u017c 3 metry, a maksymalna powierzchnia altany dzia\u0142kowej nie mo\u017ce przekracza\u0107 35 m<sup>2<\/sup>).<\/p>\n\n\n\n<p>Ogrodzenie dzia\u0142ki nie powinno przekracza\u0107 wysoko\u015bci 1 metra i powinno by\u0107 a\u017curowe. Ogrodzenie nie mo\u017ce zawiera\u0107 \u017cadnych ostrych element\u00f3w, w tym drutu kolczastego i innych podobnych materia\u0142\u00f3w (\u00a7 51 Regulaminu ROD).<\/p>\n\n\n\n<p>Je\u017celi podczas prac budowlano-porz\u0105dkowych powstanie du\u017ca ilo\u015b\u0107 \u015bmieci \u2013 nale\u017cy zam\u00f3wi\u0107 na w\u0142asny koszt osobny kontener. Szczeg\u00f3\u0142y dotycz\u0105ce zam\u00f3wienia kontenera i jego koszt prosimy uzgadnia\u0107 z Gospodarzem Ogrodu panem Krzysztofem.<\/p>\n\n\n\n<p>Do kontaktu z panem Krzysztofem zach\u0119camy r\u00f3wnie\u017c w razie jakichkolwiek innych problem\u00f3w dotycz\u0105cych zagospodarowania dzia\u0142ki.<\/p>\n\n\n\n<p>W celu pod\u0142\u0105czenia pr\u0105du nale\u017cy pobra\u0107 w Zarz\u0105dzie lub na stronie www ROD \u201eRakowiec\u201d odpowiednie podanie i po jego wype\u0142nieniu oraz podpisaniu przez elektryka dokonuj\u0105cego pod\u0142\u0105czenia zwr\u00f3ci\u0107 do Zarz\u0105du oraz op\u0142aci\u0107 420 z\u0142*.<\/p>\n\n\n\n<p>Prosimy pami\u0119ta\u0107 aby:<\/p>\n\n\n\n<ul class=\"wp-block-list\">\n<li>kompostowa\u0107 odpady pochodzenia organicznego, a w szczeg\u00f3lno\u015bci pochodz\u0105ce z dzia\u0142ki cz\u0119\u015bci ro\u015blin<br \/>(\u00a7 43 ust. 3 Regulaminu ROD).<\/li>\n\n\n\n<li>ci\u0105\u0107 i prze\u015bwietla\u0107 drzewa i krzewy, by ga\u0142\u0119zie nie przekracza\u0142y granic dzia\u0142ki (\u00a7 55 Regulaminu ROD).<\/li>\n<\/ul>\n\n\n\n<p>Nowy dzia\u0142kowiec po przyj\u0119ciu w poczet cz\u0142onk\u00f3w PZD ma obowi\u0105zek odby\u0107 bezp\u0142atne szkolenie (\u00a7&nbsp;15 pkt&nbsp;9 Statutu PZD), wi\u0119cej informacji na stronie internetowej <a href=\"http:\/\/www.mazowiecki.pzd.pl\/szkolenia-page\/\">www.mazowiecki.pzd.pl\/szkolenia-page\/<\/a>.<\/p>\n\n\n\n<p>Wa\u017cne informacje dotycz\u0105ce Ogrodu znajd\u0105 Pa\u0144stwo na tablicach informacyjnych przy wej\u015bciach do Ogrodu oraz na stronie internetowej <a href=\"http:\/\/www.rod-rakowiec.pl\">www.rod-rakowiec.pl<\/a><\/p>\n\n\n\n<p>W razie powa\u017cniejszych problem\u00f3w prosimy o kontakt z Zarz\u0105dem (w czasie dy\u017curu lub mailowo na adres <a href=\"mailto:rodrakowiecwarszawa@gmail.com\">rodrakowiecwarszawa@gmail.com<\/a>).<\/p>\n\n\n\n<p>W razie zmiany Pa\u0144stwa danych kontaktowych (telefon, e-mail) bardzo prosimy o zg\u0142oszenie tego do Zarz\u0105du.<\/p>\n\n\n\n<p>Namawiamy Pa\u0144stwa do czynnego brania udzia\u0142u w \u017cyciu naszego Ogrodu, poprzez udzia\u0142 w corocznym <strong>Walnym Zebraniu Dzia\u0142kowc\u00f3w<\/strong> oraz w <strong>Dniu Dzia\u0142kowca<\/strong>.<\/p>\n\n\n\n<p>Jako Zarz\u0105d ROD \u201eRakowiec\u201d<\/p>\n\n\n\n<p>\u017cyczymy mi\u0142ego wypoczynku i cudownych chwil w naszym Ogrodzie Dzia\u0142kowym.<\/p>\n\n\n\n<p>* wymienione kwoty mog\u0105 ulec zmianie.<\/p>\n\n\n\n<p><\/p>\n\n\n\n<p><br \/><\/p>\n","protected":false},"excerpt":{"rendered":"<p>Przydatne numery telefon\u00f3w i adresy: Zarz\u0105d \u2013 tel. 22 849-02-83, czynny w niedziele w czasie dy\u017curu Zarz\u0105du w godz. 11\u201314 Kasjerka Pani Ania \u2013 kasa czynna w niedziele w godz. 11\u201314,&nbsp; tel. 22 849-02-83 czynny w czasie otwarcia kasy oraz we czwartki w godz. 11\u201314 Gospodarz Ogrodu Pan Krzysztof \u2013 tel. 503-593-565 czynny od poniedzia\u0142ku &hellip; <\/p>\n<p class=\"link-more\"><a href=\"http:\/\/www.rod-rakowiec.pl\/?page_id=14\" class=\"more-link\">Czytaj dalej<span class=\"screen-reader-text\"> \u201eVademecum\u201d<\/span><\/a><\/p>\n","protected":false},"author":1,"featured_media":0,"parent":0,"menu_order":0,"comment_status":"closed","ping_status":"closed","template":"","meta":{"footnotes":""},"class_list":["post-14","page","type-page","status-publish","hentry"],"_links":{"self":[{"href":"http:\/\/www.rod-rakowiec.pl\/index.php?rest_route=\/wp\/v2\/pages\/14","targetHints":{"allow":["GET"]}}],"collection":[{"href":"http:\/\/www.rod-rakowiec.pl\/index.php?rest_route=\/wp\/v2\/pages"}],"about":[{"href":"http:\/\/www.rod-rakowiec.pl\/index.php?rest_route=\/wp\/v2\/types\/page"}],"author":[{"embeddable":true,"href":"http:\/\/www.rod-rakowiec.pl\/index.php?rest_route=\/wp\/v2\/users\/1"}],"replies":[{"embeddable":true,"href":"http:\/\/www.rod-rakowiec.pl\/index.php?rest_route=%2Fwp%2Fv2%2Fcomments&post=14"}],"version-history":[{"count":14,"href":"http:\/\/www.rod-rakowiec.pl\/index.php?rest_route=\/wp\/v2\/pages\/14\/revisions"}],"predecessor-version":[{"id":1533,"href":"http:\/\/www.rod-rakowiec.pl\/index.php?rest_route=\/wp\/v2\/pages\/14\/revisions\/1533"}],"wp:attachment":[{"href":"http:\/\/www.rod-rakowiec.pl\/index.php?rest_route=%2Fwp%2Fv2%2Fmedia&parent=14"}],"curies":[{"name":"wp","href":"https:\/\/api.w.org\/{rel}","templated":true}]}}