{"id":12,"date":"2016-12-27T18:10:19","date_gmt":"2016-12-27T18:10:19","guid":{"rendered":"http:\/\/www.rod-rakowiec.pl\/?page_id=12"},"modified":"2025-04-17T12:34:54","modified_gmt":"2025-04-17T12:34:54","slug":"co-to-jest-pzd","status":"publish","type":"page","link":"http:\/\/www.rod-rakowiec.pl\/?page_id=12","title":{"rendered":"Dokumenty do pobrania"},"content":{"rendered":"\n<p><strong>Dokumenty niezb\u0119dne przy przeniesieniu prawa do dzia\u0142ki na nowego dzia\u0142kowca<\/strong><\/p>\n\n\n\n<div data-wp-interactive=\"core\/file\" class=\"wp-block-file\"><object data-wp-bind--hidden=\"!state.hasPdfPreview\" hidden class=\"wp-block-file__embed\" data=\"http:\/\/www.rod-rakowiec.pl\/wp-content\/uploads\/2024\/12\/Umowa-przeniesienia-prawa-do-dzialki.pdf\" type=\"application\/pdf\" style=\"width:100%;height:600px\" aria-label=\"Osadzone z Umowa przeniesienia prawa do dzia\u0142ki.\"><\/object><a id=\"wp-block-file--media-19298fd4-8fb7-437d-8d3f-97fcc42a8894\" href=\"http:\/\/www.rod-rakowiec.pl\/wp-content\/uploads\/2024\/12\/Umowa-przeniesienia-prawa-do-dzialki.pdf\">Umowa przeniesienia prawa do dzia\u0142ki<\/a><a href=\"http:\/\/www.rod-rakowiec.pl\/wp-content\/uploads\/2024\/12\/Umowa-przeniesienia-prawa-do-dzialki.pdf\" class=\"wp-block-file__button wp-element-button\" download aria-describedby=\"wp-block-file--media-19298fd4-8fb7-437d-8d3f-97fcc42a8894\">Pobierz<\/a><\/div>\n\n\n\n<div data-wp-interactive=\"core\/file\" class=\"wp-block-file\"><object data-wp-bind--hidden=\"!state.hasPdfPreview\" hidden class=\"wp-block-file__embed\" data=\"http:\/\/www.rod-rakowiec.pl\/wp-content\/uploads\/2024\/12\/Wniosek_o_zatwierdzenie_przeniesienia_prawa_do_dziaki.pdf\" type=\"application\/pdf\" style=\"width:100%;height:600px\" aria-label=\"Osadzone z Wniosek_o_zatwierdzenie_przeniesienia_prawa_do_dziaki.\"><\/object><a id=\"wp-block-file--media-00845117-35c8-41c1-aa99-33471170a6cc\" href=\"http:\/\/www.rod-rakowiec.pl\/wp-content\/uploads\/2024\/12\/Wniosek_o_zatwierdzenie_przeniesienia_prawa_do_dziaki.pdf\">Wniosek_o_zatwierdzenie_przeniesienia_prawa_do_dziaki<\/a><a href=\"http:\/\/www.rod-rakowiec.pl\/wp-content\/uploads\/2024\/12\/Wniosek_o_zatwierdzenie_przeniesienia_prawa_do_dziaki.pdf\" class=\"wp-block-file__button wp-element-button\" download aria-describedby=\"wp-block-file--media-00845117-35c8-41c1-aa99-33471170a6cc\">Pobierz<\/a><\/div>\n\n\n\n<div data-wp-interactive=\"core\/file\" class=\"wp-block-file\"><object data-wp-bind--hidden=\"!state.hasPdfPreview\" hidden class=\"wp-block-file__embed\" data=\"http:\/\/www.rod-rakowiec.pl\/wp-content\/uploads\/2024\/12\/Rozliczenie-wody-i-pradu.pdf\" type=\"application\/pdf\" style=\"width:100%;height:600px\" aria-label=\"Osadzone z Rozliczenie wody i pr\u0105du.\"><\/object><a id=\"wp-block-file--media-351f45e6-6d7c-4915-baa1-08d48b149292\" href=\"http:\/\/www.rod-rakowiec.pl\/wp-content\/uploads\/2024\/12\/Rozliczenie-wody-i-pradu.pdf\">Rozliczenie wody i pr\u0105du<\/a><a href=\"http:\/\/www.rod-rakowiec.pl\/wp-content\/uploads\/2024\/12\/Rozliczenie-wody-i-pradu.pdf\" class=\"wp-block-file__button wp-element-button\" download aria-describedby=\"wp-block-file--media-351f45e6-6d7c-4915-baa1-08d48b149292\">Pobierz<\/a><\/div>\n\n\n\n<div data-wp-interactive=\"core\/file\" class=\"wp-block-file\"><object data-wp-bind--hidden=\"!state.hasPdfPreview\" hidden class=\"wp-block-file__embed\" data=\"http:\/\/www.rod-rakowiec.pl\/wp-content\/uploads\/2024\/12\/Deklaracja-czlonkowska.pdf\" type=\"application\/pdf\" style=\"width:100%;height:600px\" aria-label=\"Osadzone z Deklaracja cz\u0142onkowska.\"><\/object><a id=\"wp-block-file--media-ca7fd0ae-5b6d-4023-8bf7-56f009015843\" href=\"http:\/\/www.rod-rakowiec.pl\/wp-content\/uploads\/2024\/12\/Deklaracja-czlonkowska.pdf\">Deklaracja cz\u0142onkowska<\/a><a href=\"http:\/\/www.rod-rakowiec.pl\/wp-content\/uploads\/2024\/12\/Deklaracja-czlonkowska.pdf\" class=\"wp-block-file__button wp-element-button\" download aria-describedby=\"wp-block-file--media-ca7fd0ae-5b6d-4023-8bf7-56f009015843\">Pobierz<\/a><\/div>\n\n\n\n<div data-wp-interactive=\"core\/file\" class=\"wp-block-file\"><object data-wp-bind--hidden=\"!state.hasPdfPreview\" hidden class=\"wp-block-file__embed\" data=\"http:\/\/www.rod-rakowiec.pl\/wp-content\/uploads\/2024\/12\/Zawiadomienie-o-danych-osobowych-RODO.pdf\" type=\"application\/pdf\" style=\"width:100%;height:600px\" aria-label=\"Osadzone z Zawiadomienie o danych osobowych-RODO.\"><\/object><a id=\"wp-block-file--media-4b5a7e0b-44c2-4aeb-aafa-cc0ebf0c641b\" href=\"http:\/\/www.rod-rakowiec.pl\/wp-content\/uploads\/2024\/12\/Zawiadomienie-o-danych-osobowych-RODO.pdf\">Zawiadomienie o danych osobowych-RODO<\/a><a href=\"http:\/\/www.rod-rakowiec.pl\/wp-content\/uploads\/2024\/12\/Zawiadomienie-o-danych-osobowych-RODO.pdf\" class=\"wp-block-file__button wp-element-button\" download aria-describedby=\"wp-block-file--media-4b5a7e0b-44c2-4aeb-aafa-cc0ebf0c641b\">Pobierz<\/a><\/div>\n\n\n\n<p><strong>Dokumenty w przypadku przeniesienia prawa do dzia\u0142ki na osob\u0119 blisk\u0105<\/strong><\/p>\n\n\n\n<div data-wp-interactive=\"core\/file\" class=\"wp-block-file\"><object data-wp-bind--hidden=\"!state.hasPdfPreview\" hidden class=\"wp-block-file__embed\" data=\"http:\/\/www.rod-rakowiec.pl\/wp-content\/uploads\/2024\/12\/Wniosek-o-zawarcie-umowy-dzierzawy-dzialkowej-po-osobie-bliskiej.pdf\" type=\"application\/pdf\" style=\"width:100%;height:600px\" aria-label=\"Osadzone z Wniosek o zawarcie umowy dzier\u017cawy dzia\u0142kowej po osobie bliskiej.\"><\/object><a id=\"wp-block-file--media-ec41abb2-dbbe-457a-ac2a-8b14bf42cdb8\" href=\"http:\/\/www.rod-rakowiec.pl\/wp-content\/uploads\/2024\/12\/Wniosek-o-zawarcie-umowy-dzierzawy-dzialkowej-po-osobie-bliskiej.pdf\">Wniosek o zawarcie umowy dzier\u017cawy dzia\u0142kowej po osobie bliskiej<\/a><a href=\"http:\/\/www.rod-rakowiec.pl\/wp-content\/uploads\/2024\/12\/Wniosek-o-zawarcie-umowy-dzierzawy-dzialkowej-po-osobie-bliskiej.pdf\" class=\"wp-block-file__button wp-element-button\" download aria-describedby=\"wp-block-file--media-ec41abb2-dbbe-457a-ac2a-8b14bf42cdb8\">Pobierz<\/a><\/div>\n\n\n\n<div data-wp-interactive=\"core\/file\" class=\"wp-block-file\"><object data-wp-bind--hidden=\"!state.hasPdfPreview\" hidden class=\"wp-block-file__embed\" data=\"http:\/\/www.rod-rakowiec.pl\/wp-content\/uploads\/2024\/12\/Rozliczenie-wody-i-pradu-1.pdf\" type=\"application\/pdf\" style=\"width:100%;height:600px\" aria-label=\"Osadzone z Rozliczenie wody i pr\u0105du (1).\"><\/object><a id=\"wp-block-file--media-24d272e4-d6e5-4b0f-afbc-7d5a0b8f8042\" href=\"http:\/\/www.rod-rakowiec.pl\/wp-content\/uploads\/2024\/12\/Rozliczenie-wody-i-pradu-1.pdf\">Rozliczenie wody i pr\u0105du (1)<\/a><a href=\"http:\/\/www.rod-rakowiec.pl\/wp-content\/uploads\/2024\/12\/Rozliczenie-wody-i-pradu-1.pdf\" class=\"wp-block-file__button wp-element-button\" download aria-describedby=\"wp-block-file--media-24d272e4-d6e5-4b0f-afbc-7d5a0b8f8042\">Pobierz<\/a><\/div>\n\n\n\n<div data-wp-interactive=\"core\/file\" class=\"wp-block-file\"><object data-wp-bind--hidden=\"!state.hasPdfPreview\" hidden class=\"wp-block-file__embed\" data=\"http:\/\/www.rod-rakowiec.pl\/wp-content\/uploads\/2024\/12\/Zawiadomienie-o-danych-osobowych-RODO-1.pdf\" type=\"application\/pdf\" style=\"width:100%;height:600px\" aria-label=\"Osadzone z Zawiadomienie o danych osobowych-RODO (1).\"><\/object><a id=\"wp-block-file--media-8c2d8c63-ff6d-458e-8463-a5fa75b60d17\" href=\"http:\/\/www.rod-rakowiec.pl\/wp-content\/uploads\/2024\/12\/Zawiadomienie-o-danych-osobowych-RODO-1.pdf\">Zawiadomienie o danych osobowych-RODO (1)<\/a><a href=\"http:\/\/www.rod-rakowiec.pl\/wp-content\/uploads\/2024\/12\/Zawiadomienie-o-danych-osobowych-RODO-1.pdf\" class=\"wp-block-file__button wp-element-button\" download aria-describedby=\"wp-block-file--media-8c2d8c63-ff6d-458e-8463-a5fa75b60d17\">Pobierz<\/a><\/div>\n\n\n\n<div data-wp-interactive=\"core\/file\" class=\"wp-block-file\"><object data-wp-bind--hidden=\"!state.hasPdfPreview\" hidden class=\"wp-block-file__embed\" data=\"http:\/\/www.rod-rakowiec.pl\/wp-content\/uploads\/2024\/12\/Deklaracja-czlonkowska-1.pdf\" type=\"application\/pdf\" style=\"width:100%;height:600px\" aria-label=\"Osadzone z Deklaracja cz\u0142onkowska (1).\"><\/object><a id=\"wp-block-file--media-6817b5df-881b-4a7f-9821-11a1c29b54e3\" href=\"http:\/\/www.rod-rakowiec.pl\/wp-content\/uploads\/2024\/12\/Deklaracja-czlonkowska-1.pdf\">Deklaracja cz\u0142onkowska (1)<\/a><a href=\"http:\/\/www.rod-rakowiec.pl\/wp-content\/uploads\/2024\/12\/Deklaracja-czlonkowska-1.pdf\" class=\"wp-block-file__button wp-element-button\" download aria-describedby=\"wp-block-file--media-6817b5df-881b-4a7f-9821-11a1c29b54e3\">Pobierz<\/a><\/div>\n\n\n\n<div data-wp-interactive=\"core\/file\" class=\"wp-block-file\"><object data-wp-bind--hidden=\"!state.hasPdfPreview\" hidden class=\"wp-block-file__embed\" data=\"http:\/\/www.rod-rakowiec.pl\/wp-content\/uploads\/2024\/12\/Umowa-przeniesienia-prawa-do-dzialki-1.pdf\" type=\"application\/pdf\" style=\"width:100%;height:600px\" aria-label=\"Osadzone z Umowa przeniesienia prawa do dzia\u0142ki (1).\"><\/object><a id=\"wp-block-file--media-16008204-230e-4496-9472-a8e8f111c873\" href=\"http:\/\/www.rod-rakowiec.pl\/wp-content\/uploads\/2024\/12\/Umowa-przeniesienia-prawa-do-dzialki-1.pdf\">Umowa przeniesienia prawa do dzia\u0142ki (1)<\/a><a href=\"http:\/\/www.rod-rakowiec.pl\/wp-content\/uploads\/2024\/12\/Umowa-przeniesienia-prawa-do-dzialki-1.pdf\" class=\"wp-block-file__button wp-element-button\" download aria-describedby=\"wp-block-file--media-16008204-230e-4496-9472-a8e8f111c873\">Pobierz<\/a><\/div>\n\n\n\n<div data-wp-interactive=\"core\/file\" class=\"wp-block-file\"><object data-wp-bind--hidden=\"!state.hasPdfPreview\" hidden class=\"wp-block-file__embed\" data=\"http:\/\/www.rod-rakowiec.pl\/wp-content\/uploads\/2024\/12\/Zrzeczenie-czlonkostwa-i-wskazanie-osoby-bliskiej.pdf\" type=\"application\/pdf\" style=\"width:100%;height:600px\" aria-label=\"Osadzone z Zrzeczenie cz\u0142onkostwa i wskazanie osoby bliskiej.\"><\/object><a id=\"wp-block-file--media-820347f9-87ba-4f92-998e-622a9f98a2bd\" href=\"http:\/\/www.rod-rakowiec.pl\/wp-content\/uploads\/2024\/12\/Zrzeczenie-czlonkostwa-i-wskazanie-osoby-bliskiej.pdf\">Zrzeczenie cz\u0142onkostwa i wskazanie osoby bliskiej<\/a><a href=\"http:\/\/www.rod-rakowiec.pl\/wp-content\/uploads\/2024\/12\/Zrzeczenie-czlonkostwa-i-wskazanie-osoby-bliskiej.pdf\" class=\"wp-block-file__button wp-element-button\" download aria-describedby=\"wp-block-file--media-820347f9-87ba-4f92-998e-622a9f98a2bd\">Pobierz<\/a><\/div>\n\n\n\n<p><strong>Dokumenty w przypadku przeniesienia prawa do dzia\u0142ki po \u015bmierci dzia\u0142kowca<\/strong><\/p>\n\n\n\n<div data-wp-interactive=\"core\/file\" class=\"wp-block-file\"><object data-wp-bind--hidden=\"!state.hasPdfPreview\" hidden class=\"wp-block-file__embed\" data=\"http:\/\/www.rod-rakowiec.pl\/wp-content\/uploads\/2024\/12\/Wniosek-o-ustanowienie-prawa-do-dzialki-po-zmarlym-dzialkowcu.pdf\" type=\"application\/pdf\" style=\"width:100%;height:600px\" aria-label=\"Osadzone z Wniosek o ustanowienie prawa do dzia\u0142ki po zmar\u0142ym dzia\u0142kowcu.\"><\/object><a id=\"wp-block-file--media-41870740-9e4c-433e-996e-884c7741c649\" href=\"http:\/\/www.rod-rakowiec.pl\/wp-content\/uploads\/2024\/12\/Wniosek-o-ustanowienie-prawa-do-dzialki-po-zmarlym-dzialkowcu.pdf\">Wniosek o ustanowienie prawa do dzia\u0142ki po zmar\u0142ym dzia\u0142kowcu<\/a><a href=\"http:\/\/www.rod-rakowiec.pl\/wp-content\/uploads\/2024\/12\/Wniosek-o-ustanowienie-prawa-do-dzialki-po-zmarlym-dzialkowcu.pdf\" class=\"wp-block-file__button wp-element-button\" download aria-describedby=\"wp-block-file--media-41870740-9e4c-433e-996e-884c7741c649\">Pobierz<\/a><\/div>\n\n\n\n<div data-wp-interactive=\"core\/file\" class=\"wp-block-file\"><object data-wp-bind--hidden=\"!state.hasPdfPreview\" hidden class=\"wp-block-file__embed\" data=\"http:\/\/www.rod-rakowiec.pl\/wp-content\/uploads\/2024\/12\/Umowa-dzierzawy-dzialkowej-dla-osob-bliskich-po-zmarlym-dzialkowcu.pdf\" type=\"application\/pdf\" style=\"width:100%;height:600px\" aria-label=\"Osadzone z Umowa dzier\u017cawy dzia\u0142kowej dla os\u00f3b bliskich po zmar\u0142ym dzia\u0142kowcu.\"><\/object><a id=\"wp-block-file--media-7d8e1640-d274-410d-bc7a-34904c5463b3\" href=\"http:\/\/www.rod-rakowiec.pl\/wp-content\/uploads\/2024\/12\/Umowa-dzierzawy-dzialkowej-dla-osob-bliskich-po-zmarlym-dzialkowcu.pdf\">Umowa dzier\u017cawy dzia\u0142kowej dla os\u00f3b bliskich po zmar\u0142ym dzia\u0142kowcu<\/a><a href=\"http:\/\/www.rod-rakowiec.pl\/wp-content\/uploads\/2024\/12\/Umowa-dzierzawy-dzialkowej-dla-osob-bliskich-po-zmarlym-dzialkowcu.pdf\" class=\"wp-block-file__button wp-element-button\" download aria-describedby=\"wp-block-file--media-7d8e1640-d274-410d-bc7a-34904c5463b3\">Pobierz<\/a><\/div>\n\n\n\n<div data-wp-interactive=\"core\/file\" class=\"wp-block-file\"><object data-wp-bind--hidden=\"!state.hasPdfPreview\" hidden class=\"wp-block-file__embed\" data=\"http:\/\/www.rod-rakowiec.pl\/wp-content\/uploads\/2024\/12\/Wniosek-o-zawarcie-umowy-dzierzawy-dzialkowej-po-osobie-bliskiej-1.pdf\" type=\"application\/pdf\" style=\"width:100%;height:600px\" aria-label=\"Osadzone z Wniosek o zawarcie umowy dzier\u017cawy dzia\u0142kowej po osobie bliskiej.\"><\/object><a id=\"wp-block-file--media-9d4a1e03-3373-4612-b8de-2ae91f63b921\" href=\"http:\/\/www.rod-rakowiec.pl\/wp-content\/uploads\/2024\/12\/Wniosek-o-zawarcie-umowy-dzierzawy-dzialkowej-po-osobie-bliskiej-1.pdf\">Wniosek o zawarcie umowy dzier\u017cawy dzia\u0142kowej po osobie bliskiej<\/a><a href=\"http:\/\/www.rod-rakowiec.pl\/wp-content\/uploads\/2024\/12\/Wniosek-o-zawarcie-umowy-dzierzawy-dzialkowej-po-osobie-bliskiej-1.pdf\" class=\"wp-block-file__button wp-element-button\" download aria-describedby=\"wp-block-file--media-9d4a1e03-3373-4612-b8de-2ae91f63b921\">Pobierz<\/a><\/div>\n\n\n\n<div data-wp-interactive=\"core\/file\" class=\"wp-block-file\"><object data-wp-bind--hidden=\"!state.hasPdfPreview\" hidden class=\"wp-block-file__embed\" data=\"http:\/\/www.rod-rakowiec.pl\/wp-content\/uploads\/2024\/12\/Zawiadomienie-o-danych-osobowych-RODO-1-1.pdf\" type=\"application\/pdf\" style=\"width:100%;height:600px\" aria-label=\"Osadzone z Zawiadomienie o danych osobowych-RODO (1).\"><\/object><a id=\"wp-block-file--media-63e5f6e5-a50c-4372-9f07-3b6784186c22\" href=\"http:\/\/www.rod-rakowiec.pl\/wp-content\/uploads\/2024\/12\/Zawiadomienie-o-danych-osobowych-RODO-1-1.pdf\">Zawiadomienie o danych osobowych-RODO (1)<\/a><a href=\"http:\/\/www.rod-rakowiec.pl\/wp-content\/uploads\/2024\/12\/Zawiadomienie-o-danych-osobowych-RODO-1-1.pdf\" class=\"wp-block-file__button wp-element-button\" download aria-describedby=\"wp-block-file--media-63e5f6e5-a50c-4372-9f07-3b6784186c22\">Pobierz<\/a><\/div>\n\n\n\n<div data-wp-interactive=\"core\/file\" class=\"wp-block-file\"><object data-wp-bind--hidden=\"!state.hasPdfPreview\" hidden class=\"wp-block-file__embed\" data=\"http:\/\/www.rod-rakowiec.pl\/wp-content\/uploads\/2024\/12\/Deklaracja-czlonkowska-1-1.pdf\" type=\"application\/pdf\" style=\"width:100%;height:600px\" aria-label=\"Osadzone z Deklaracja cz\u0142onkowska (1).\"><\/object><a id=\"wp-block-file--media-51b4511a-6b29-4787-a6b4-59bd5fbb24b1\" href=\"http:\/\/www.rod-rakowiec.pl\/wp-content\/uploads\/2024\/12\/Deklaracja-czlonkowska-1-1.pdf\">Deklaracja cz\u0142onkowska (1)<\/a><a href=\"http:\/\/www.rod-rakowiec.pl\/wp-content\/uploads\/2024\/12\/Deklaracja-czlonkowska-1-1.pdf\" class=\"wp-block-file__button wp-element-button\" download aria-describedby=\"wp-block-file--media-51b4511a-6b29-4787-a6b4-59bd5fbb24b1\">Pobierz<\/a><\/div>\n\n\n\n<p><strong>Dokumenty w przypadku zawarcia umowy dzier\u017cawy z ma\u0142\u017conkiem dzia\u0142kowca<\/strong><\/p>\n\n\n\n<div data-wp-interactive=\"core\/file\" class=\"wp-block-file\"><object data-wp-bind--hidden=\"!state.hasPdfPreview\" hidden class=\"wp-block-file__embed\" data=\"http:\/\/www.rod-rakowiec.pl\/wp-content\/uploads\/2024\/12\/Umowa-dzierzawy-dzialkowej-z-malzonkiem-dzialkowca.pdf\" type=\"application\/pdf\" style=\"width:100%;height:600px\" aria-label=\"Osadzone z Umowa dzier\u017cawy dzia\u0142kowej (z ma\u0142\u017conkiem dzia\u0142kowca).\"><\/object><a id=\"wp-block-file--media-27b4f675-f004-4982-ae6b-fe15ea6f1f5a\" href=\"http:\/\/www.rod-rakowiec.pl\/wp-content\/uploads\/2024\/12\/Umowa-dzierzawy-dzialkowej-z-malzonkiem-dzialkowca.pdf\">Umowa dzier\u017cawy dzia\u0142kowej (z ma\u0142\u017conkiem dzia\u0142kowca)<\/a><a href=\"http:\/\/www.rod-rakowiec.pl\/wp-content\/uploads\/2024\/12\/Umowa-dzierzawy-dzialkowej-z-malzonkiem-dzialkowca.pdf\" class=\"wp-block-file__button wp-element-button\" download aria-describedby=\"wp-block-file--media-27b4f675-f004-4982-ae6b-fe15ea6f1f5a\">Pobierz<\/a><\/div>\n\n\n\n<div data-wp-interactive=\"core\/file\" class=\"wp-block-file\"><object data-wp-bind--hidden=\"!state.hasPdfPreview\" hidden class=\"wp-block-file__embed\" data=\"http:\/\/www.rod-rakowiec.pl\/wp-content\/uploads\/2024\/12\/Wniosek-o-zawarcie-umowy-dzierzawy-dzialkowej-z-malzonkiem-dzialkowca.pdf\" type=\"application\/pdf\" style=\"width:100%;height:600px\" aria-label=\"Osadzone z Wniosek o zawarcie umowy dzier\u017cawy dzia\u0142kowej z ma\u0142\u017conkiem dzia\u0142kowca.\"><\/object><a id=\"wp-block-file--media-108c271b-61bf-47c3-b874-f7bf6f1eefa1\" href=\"http:\/\/www.rod-rakowiec.pl\/wp-content\/uploads\/2024\/12\/Wniosek-o-zawarcie-umowy-dzierzawy-dzialkowej-z-malzonkiem-dzialkowca.pdf\">Wniosek o zawarcie umowy dzier\u017cawy dzia\u0142kowej z ma\u0142\u017conkiem dzia\u0142kowca<\/a><a href=\"http:\/\/www.rod-rakowiec.pl\/wp-content\/uploads\/2024\/12\/Wniosek-o-zawarcie-umowy-dzierzawy-dzialkowej-z-malzonkiem-dzialkowca.pdf\" class=\"wp-block-file__button wp-element-button\" download aria-describedby=\"wp-block-file--media-108c271b-61bf-47c3-b874-f7bf6f1eefa1\">Pobierz<\/a><\/div>\n\n\n\n<div data-wp-interactive=\"core\/file\" class=\"wp-block-file\"><object data-wp-bind--hidden=\"!state.hasPdfPreview\" hidden class=\"wp-block-file__embed\" data=\"http:\/\/www.rod-rakowiec.pl\/wp-content\/uploads\/2024\/12\/Zawiadomienie-o-danych-osobowych-RODO-1-2.pdf\" type=\"application\/pdf\" style=\"width:100%;height:600px\" aria-label=\"Osadzone z Zawiadomienie o danych osobowych-RODO (1).\"><\/object><a id=\"wp-block-file--media-71825a42-cedd-466c-bb1d-88c88e6a24e5\" href=\"http:\/\/www.rod-rakowiec.pl\/wp-content\/uploads\/2024\/12\/Zawiadomienie-o-danych-osobowych-RODO-1-2.pdf\">Zawiadomienie o danych osobowych-RODO (1)<\/a><a href=\"http:\/\/www.rod-rakowiec.pl\/wp-content\/uploads\/2024\/12\/Zawiadomienie-o-danych-osobowych-RODO-1-2.pdf\" class=\"wp-block-file__button wp-element-button\" download aria-describedby=\"wp-block-file--media-71825a42-cedd-466c-bb1d-88c88e6a24e5\">Pobierz<\/a><\/div>\n\n\n\n<div data-wp-interactive=\"core\/file\" class=\"wp-block-file\"><object data-wp-bind--hidden=\"!state.hasPdfPreview\" hidden class=\"wp-block-file__embed\" data=\"http:\/\/www.rod-rakowiec.pl\/wp-content\/uploads\/2024\/12\/Deklaracja-czlonkowska-1-2.pdf\" type=\"application\/pdf\" style=\"width:100%;height:600px\" aria-label=\"Osadzone z Deklaracja cz\u0142onkowska (1).\"><\/object><a id=\"wp-block-file--media-ccd8e588-6666-40b5-aefd-30a9ec89d9c8\" href=\"http:\/\/www.rod-rakowiec.pl\/wp-content\/uploads\/2024\/12\/Deklaracja-czlonkowska-1-2.pdf\">Deklaracja cz\u0142onkowska (1)<\/a><a href=\"http:\/\/www.rod-rakowiec.pl\/wp-content\/uploads\/2024\/12\/Deklaracja-czlonkowska-1-2.pdf\" class=\"wp-block-file__button wp-element-button\" download aria-describedby=\"wp-block-file--media-ccd8e588-6666-40b5-aefd-30a9ec89d9c8\">Pobierz<\/a><\/div>\n\n\n\n<p><\/p>\n\n\n\n<p><strong>Zasady przekazywania dzia\u0142ek b\u0119d\u0105cych w dyspozycji Zarz\u0105du ROD &#8222;Rakowiec&#8221;<\/strong><\/p>\n\n\n\n<div data-wp-interactive=\"core\/file\" class=\"wp-block-file\"><object data-wp-bind--hidden=\"!state.hasPdfPreview\" hidden class=\"wp-block-file__embed\" data=\"http:\/\/www.rod-rakowiec.pl\/wp-content\/uploads\/2025\/01\/Zasady-przekazywania-dzialek_ROD-Rakowiec.pdf\" type=\"application\/pdf\" style=\"width:100%;height:600px\" aria-label=\"Osadzone z Zasady przekazywania dzia\u0142ek_ROD Rakowiec.\"><\/object><a id=\"wp-block-file--media-bd84d456-cae8-4a1b-b16e-fd944d2a53d5\" href=\"http:\/\/www.rod-rakowiec.pl\/wp-content\/uploads\/2025\/01\/Zasady-przekazywania-dzialek_ROD-Rakowiec.pdf\">Zasady przekazywania dzia\u0142ek_ROD Rakowiec<\/a><a href=\"http:\/\/www.rod-rakowiec.pl\/wp-content\/uploads\/2025\/01\/Zasady-przekazywania-dzialek_ROD-Rakowiec.pdf\" class=\"wp-block-file__button wp-element-button\" download aria-describedby=\"wp-block-file--media-bd84d456-cae8-4a1b-b16e-fd944d2a53d5\">Pobierz<\/a><\/div>\n\n\n\n<p>Statut PZD z roku 2025<\/p>\n\n\n\n<div data-wp-interactive=\"core\/file\" class=\"wp-block-file\"><object data-wp-bind--hidden=\"!state.hasPdfPreview\" hidden class=\"wp-block-file__embed\" data=\"http:\/\/www.rod-rakowiec.pl\/wp-content\/uploads\/2025\/04\/Statut-PZD-2025.pdf\" type=\"application\/pdf\" style=\"width:100%;height:600px\" aria-label=\"Osadzone z Statut PZD 2025.\"><\/object><a id=\"wp-block-file--media-6025c29a-0589-4980-aa7d-badf1afb4e88\" href=\"http:\/\/www.rod-rakowiec.pl\/wp-content\/uploads\/2025\/04\/Statut-PZD-2025.pdf\">Statut PZD 2025<\/a><a href=\"http:\/\/www.rod-rakowiec.pl\/wp-content\/uploads\/2025\/04\/Statut-PZD-2025.pdf\" class=\"wp-block-file__button wp-element-button\" download aria-describedby=\"wp-block-file--media-6025c29a-0589-4980-aa7d-badf1afb4e88\">Pobierz<\/a><\/div>\n","protected":false},"excerpt":{"rendered":"<p>Dokumenty niezb\u0119dne przy przeniesieniu prawa do dzia\u0142ki na nowego dzia\u0142kowca Dokumenty w przypadku przeniesienia prawa do dzia\u0142ki na osob\u0119 blisk\u0105 Dokumenty w przypadku przeniesienia prawa do dzia\u0142ki po \u015bmierci dzia\u0142kowca Dokumenty w przypadku zawarcia umowy dzier\u017cawy z ma\u0142\u017conkiem dzia\u0142kowca Zasady przekazywania dzia\u0142ek b\u0119d\u0105cych w dyspozycji Zarz\u0105du ROD &#8222;Rakowiec&#8221; Statut PZD z roku 2025<\/p>\n","protected":false},"author":1,"featured_media":0,"parent":14,"menu_order":0,"comment_status":"closed","ping_status":"closed","template":"","meta":{"footnotes":""},"class_list":["post-12","page","type-page","status-publish","hentry"],"_links":{"self":[{"href":"http:\/\/www.rod-rakowiec.pl\/index.php?rest_route=\/wp\/v2\/pages\/12","targetHints":{"allow":["GET"]}}],"collection":[{"href":"http:\/\/www.rod-rakowiec.pl\/index.php?rest_route=\/wp\/v2\/pages"}],"about":[{"href":"http:\/\/www.rod-rakowiec.pl\/index.php?rest_route=\/wp\/v2\/types\/page"}],"author":[{"embeddable":true,"href":"http:\/\/www.rod-rakowiec.pl\/index.php?rest_route=\/wp\/v2\/users\/1"}],"replies":[{"embeddable":true,"href":"http:\/\/www.rod-rakowiec.pl\/index.php?rest_route=%2Fwp%2Fv2%2Fcomments&post=12"}],"version-history":[{"count":15,"href":"http:\/\/www.rod-rakowiec.pl\/index.php?rest_route=\/wp\/v2\/pages\/12\/revisions"}],"predecessor-version":[{"id":1509,"href":"http:\/\/www.rod-rakowiec.pl\/index.php?rest_route=\/wp\/v2\/pages\/12\/revisions\/1509"}],"up":[{"embeddable":true,"href":"http:\/\/www.rod-rakowiec.pl\/index.php?rest_route=\/wp\/v2\/pages\/14"}],"wp:attachment":[{"href":"http:\/\/www.rod-rakowiec.pl\/index.php?rest_route=%2Fwp%2Fv2%2Fmedia&parent=12"}],"curies":[{"name":"wp","href":"https:\/\/api.w.org\/{rel}","templated":true}]}}